{"id":12083,"date":"2025-03-06T20:39:45","date_gmt":"2025-03-06T19:39:45","guid":{"rendered":"http:\/\/przedszkoletworkow.pl\/?page_id=12083"},"modified":"2025-03-06T20:39:45","modified_gmt":"2025-03-06T19:39:45","slug":"maly-czlowiek-to-wielkie-mozliwosci-zajecia-rozszerzajace-i-wspomagajace-w-przedszkolu-w-tworkowie","status":"publish","type":"page","link":"http:\/\/przedszkoletworkow.pl\/?page_id=12083","title":{"rendered":"Ma\u0142y cz\u0142owiek to wielkie mo\u017cliwo\u015bci \u2013 zaj\u0119cia rozszerzaj\u0105ce  i wspomagaj\u0105ce w Przedszkolu w Tworkowie"},"content":{"rendered":"","protected":false},"excerpt":{"rendered":"","protected":false},"author":1,"featured_media":0,"parent":0,"menu_order":0,"comment_status":"closed","ping_status":"closed","template":"","meta":{"ngg_post_thumbnail":0,"footnotes":""},"class_list":["post-12083","page","type-page","status-publish","hentry"],"_links":{"self":[{"href":"http:\/\/przedszkoletworkow.pl\/index.php?rest_route=\/wp\/v2\/pages\/12083","targetHints":{"allow":["GET"]}}],"collection":[{"href":"http:\/\/przedszkoletworkow.pl\/index.php?rest_route=\/wp\/v2\/pages"}],"about":[{"href":"http:\/\/przedszkoletworkow.pl\/index.php?rest_route=\/wp\/v2\/types\/page"}],"author":[{"embeddable":true,"href":"http:\/\/przedszkoletworkow.pl\/index.php?rest_route=\/wp\/v2\/users\/1"}],"replies":[{"embeddable":true,"href":"http:\/\/przedszkoletworkow.pl\/index.php?rest_route=%2Fwp%2Fv2%2Fcomments&post=12083"}],"version-history":[{"count":1,"href":"http:\/\/przedszkoletworkow.pl\/index.php?rest_route=\/wp\/v2\/pages\/12083\/revisions"}],"predecessor-version":[{"id":12084,"href":"http:\/\/przedszkoletworkow.pl\/index.php?rest_route=\/wp\/v2\/pages\/12083\/revisions\/12084"}],"wp:attachment":[{"href":"http:\/\/przedszkoletworkow.pl\/index.php?rest_route=%2Fwp%2Fv2%2Fmedia&parent=12083"}],"curies":[{"name":"wp","href":"https:\/\/api.w.org\/{rel}","templated":true}]}}